{"id":106,"date":"2016-12-26T17:48:12","date_gmt":"2016-12-26T17:48:12","guid":{"rendered":"http:\/\/lepanierdeleontine.fr\/accueil\/?page_id=106"},"modified":"2025-10-25T15:57:18","modified_gmt":"2025-10-25T15:57:18","slug":"contact","status":"publish","type":"page","link":"https:\/\/lepanierdeleontine.fr\/accueil\/contact\/","title":{"rendered":"Contact"},"content":{"rendered":"<p style=\"text-align: center;\"><strong>2 sites sont \u00e0 votre disposition<\/strong><\/p>\n<p style=\"text-align: center;\"><strong>Horaires d&rsquo;ouverture<br \/>\n<\/strong>Le jeudi apr\u00e8s midi de 14h00 \u00e0 19h00 \u00e0 Villefontaine et Bourgoin-Jallieu<br \/>\nLe vendredi\u00a0 de 9h00 \u00e0 13h00\u00a0\u00a0 \u00e0 Villefontaine,<br \/>\nLe vendredi\u00a0 de 9h00 \u00e0 14h00 \u00e0 Bourgoin-Jallieu<\/p>\n<div class=\"col span_1_of_3\">\n<p style=\"text-align: left;\"><strong>A Bourgoin-Jallieu<\/strong><br \/>\n101 rue de la Lib\u00e9ration<br \/>\n38300 Bourgoin-Jallieu, France<br \/>\nT\u00e9l: 04 37 03 46 16<br \/>\npanierdeleontine.bj@laposte.net<\/p>\n<\/div>\n<div class=\"col span_1_of_3\"><a href=\"https:\/\/www.google.fr\/maps\/place\/101+Rue+de+la+Lib%C3%A9ration,+38300+Bourgoin-Jallieu\/@45.5946949,5.2721782,15.9z\/data=!4m5!3m4!1s0x478b2e7fa5f2368b:0x803c9c08fb23cbdc!8m2!3d45.5945419!4d5.2749729!10m1!2e10\" target=\"_blank\" rel=\"noopener noreferrer\"><img loading=\"lazy\" decoding=\"async\" class=\"alignleft size-full wp-image-699\" src=\"http:\/\/lepanierdeleontine.fr\/accueil\/wp-content\/uploads\/2017\/03\/Plan_bourgoin.jpg\" alt=\"Plan\" width=\"326\" height=\"294\" srcset=\"https:\/\/lepanierdeleontine.fr\/accueil\/wp-content\/uploads\/2017\/03\/Plan_bourgoin.jpg 326w, https:\/\/lepanierdeleontine.fr\/accueil\/wp-content\/uploads\/2017\/03\/Plan_bourgoin-300x271.jpg 300w, https:\/\/lepanierdeleontine.fr\/accueil\/wp-content\/uploads\/2017\/03\/Plan_bourgoin-1x1.jpg 1w\" sizes=\"auto, (max-width: 326px) 100vw, 326px\" \/><\/a><\/div>\n<div class=\"col span_1_of_3\">\n<p style=\"text-align: left;\"><strong>A Villefontaine<\/strong><br \/>\n1 Rue Pasteur<br \/>\n38090 Villefontaine<br \/>\nT\u00e9l: 09 80 66 11 37<br \/>\ncontact@lepanierdeleontine.fr<\/p>\n<\/div>\n<div class=\"col span_1_of_3\"><a href=\"https:\/\/www.google.fr\/maps\/place\/38090+Villefontaine\/@45.6068446,5.1491077,18.83z\/data=!4m5!3m4!1s0x47f4d2f2d80b0477:0xd222dbca11a313e1!8m2!3d45.613538!4d5.150093?hl=fr\" target=\"_blank\" rel=\"noopener noreferrer\"><br \/>\n<img loading=\"lazy\" decoding=\"async\" class=\"alignleft size-full wp-image-700\" src=\"http:\/\/lepanierdeleontine.fr\/accueil\/wp-content\/uploads\/2017\/03\/Plan_Villefontaine.jpg\" alt=\"Plan\" width=\"326\" height=\"277\" srcset=\"https:\/\/lepanierdeleontine.fr\/accueil\/wp-content\/uploads\/2017\/03\/Plan_Villefontaine.jpg 326w, https:\/\/lepanierdeleontine.fr\/accueil\/wp-content\/uploads\/2017\/03\/Plan_Villefontaine-300x255.jpg 300w, https:\/\/lepanierdeleontine.fr\/accueil\/wp-content\/uploads\/2017\/03\/Plan_Villefontaine-1x1.jpg 1w\" sizes=\"auto, (max-width: 326px) 100vw, 326px\" \/><\/a><\/div>\n","protected":false},"excerpt":{"rendered":"<p>2 sites sont \u00e0 votre disposition Horaires d&rsquo;ouverture Le jeudi apr\u00e8s midi de 14h00 \u00e0 19h00 \u00e0 Villefontaine et Bourgoin-Jallieu Le vendredi\u00a0 de 9h00 \u00e0 13h00\u00a0\u00a0 \u00e0 Villefontaine, Le vendredi\u00a0 de 9h00 \u00e0 14h00 \u00e0 Bourgoin-Jallieu A Bourgoin-Jallieu 101 rue de la Lib\u00e9ration 38300 Bourgoin-Jallieu, France T\u00e9l: 04 37 03 46 16 panierdeleontine.bj@laposte.net A Villefontaine&#8230;<\/p>\n","protected":false},"author":1,"featured_media":0,"parent":0,"menu_order":0,"comment_status":"closed","ping_status":"closed","template":"","meta":{"footnotes":""},"class_list":["post-106","page","type-page","status-publish","hentry"],"yoast_head":"<!-- This site is optimized with the Yoast SEO plugin v18.6 - https:\/\/yoast.com\/wordpress\/plugins\/seo\/ -->\n<title>Contact - Le panier de L\u00e9ontine \u00e9picerie solidaire<\/title>\n<meta name=\"description\" content=\"Contact - Le panier de L\u00e9ontine \u00e9picerie solidaire\" \/>\n<meta name=\"robots\" content=\"index, follow, max-snippet:-1, max-image-preview:large, max-video-preview:-1\" \/>\n<link rel=\"canonical\" href=\"https:\/\/lepanierdeleontine.fr\/accueil\/contact\/\" \/>\n<meta property=\"og:locale\" content=\"fr_FR\" \/>\n<meta property=\"og:type\" content=\"article\" \/>\n<meta property=\"og:title\" content=\"Contact - Le panier de L\u00e9ontine \u00e9picerie solidaire\" \/>\n<meta property=\"og:description\" content=\"Contact - Le panier de L\u00e9ontine \u00e9picerie solidaire\" \/>\n<meta property=\"og:url\" content=\"https:\/\/lepanierdeleontine.fr\/accueil\/contact\/\" \/>\n<meta property=\"og:site_name\" content=\"Le panier de L\u00e9ontine \u00e9picerie solidaire\" \/>\n<meta property=\"article:modified_time\" content=\"2025-10-25T15:57:18+00:00\" \/>\n<meta property=\"og:image\" content=\"http:\/\/lepanierdeleontine.fr\/accueil\/wp-content\/uploads\/2017\/03\/Plan_bourgoin.jpg\" \/>\n<meta name=\"twitter:card\" content=\"summary\" \/>\n<script type=\"application\/ld+json\" class=\"yoast-schema-graph\">{\"@context\":\"https:\/\/schema.org\",\"@graph\":[{\"@type\":\"WebSite\",\"@id\":\"https:\/\/lepanierdeleontine.fr\/accueil\/#website\",\"url\":\"https:\/\/lepanierdeleontine.fr\/accueil\/\",\"name\":\"Le panier de L\u00e9ontine \u00e9picerie solidaire\",\"description\":\"Epicerie sociale &amp; solidaire\",\"potentialAction\":[{\"@type\":\"SearchAction\",\"target\":{\"@type\":\"EntryPoint\",\"urlTemplate\":\"https:\/\/lepanierdeleontine.fr\/accueil\/?s={search_term_string}\"},\"query-input\":\"required name=search_term_string\"}],\"inLanguage\":\"fr-FR\"},{\"@type\":\"ImageObject\",\"@id\":\"https:\/\/lepanierdeleontine.fr\/accueil\/contact\/#primaryimage\",\"inLanguage\":\"fr-FR\",\"url\":\"http:\/\/lepanierdeleontine.fr\/accueil\/wp-content\/uploads\/2017\/03\/Plan_bourgoin.jpg\",\"contentUrl\":\"http:\/\/lepanierdeleontine.fr\/accueil\/wp-content\/uploads\/2017\/03\/Plan_bourgoin.jpg\"},{\"@type\":\"WebPage\",\"@id\":\"https:\/\/lepanierdeleontine.fr\/accueil\/contact\/#webpage\",\"url\":\"https:\/\/lepanierdeleontine.fr\/accueil\/contact\/\",\"name\":\"Contact - Le panier de L\u00e9ontine \u00e9picerie solidaire\",\"isPartOf\":{\"@id\":\"https:\/\/lepanierdeleontine.fr\/accueil\/#website\"},\"primaryImageOfPage\":{\"@id\":\"https:\/\/lepanierdeleontine.fr\/accueil\/contact\/#primaryimage\"},\"datePublished\":\"2016-12-26T17:48:12+00:00\",\"dateModified\":\"2025-10-25T15:57:18+00:00\",\"description\":\"Contact - Le panier de L\u00e9ontine \u00e9picerie solidaire\",\"breadcrumb\":{\"@id\":\"https:\/\/lepanierdeleontine.fr\/accueil\/contact\/#breadcrumb\"},\"inLanguage\":\"fr-FR\",\"potentialAction\":[{\"@type\":\"ReadAction\",\"target\":[\"https:\/\/lepanierdeleontine.fr\/accueil\/contact\/\"]}]},{\"@type\":\"BreadcrumbList\",\"@id\":\"https:\/\/lepanierdeleontine.fr\/accueil\/contact\/#breadcrumb\",\"itemListElement\":[{\"@type\":\"ListItem\",\"position\":1,\"name\":\"Accueil\",\"item\":\"https:\/\/lepanierdeleontine.fr\/accueil\/\"},{\"@type\":\"ListItem\",\"position\":2,\"name\":\"Contact\"}]}]}<\/script>\n<!-- \/ Yoast SEO plugin. -->","yoast_head_json":{"title":"Contact - Le panier de L\u00e9ontine \u00e9picerie solidaire","description":"Contact - Le panier de L\u00e9ontine \u00e9picerie solidaire","robots":{"index":"index","follow":"follow","max-snippet":"max-snippet:-1","max-image-preview":"max-image-preview:large","max-video-preview":"max-video-preview:-1"},"canonical":"https:\/\/lepanierdeleontine.fr\/accueil\/contact\/","og_locale":"fr_FR","og_type":"article","og_title":"Contact - Le panier de L\u00e9ontine \u00e9picerie solidaire","og_description":"Contact - Le panier de L\u00e9ontine \u00e9picerie solidaire","og_url":"https:\/\/lepanierdeleontine.fr\/accueil\/contact\/","og_site_name":"Le panier de L\u00e9ontine \u00e9picerie solidaire","article_modified_time":"2025-10-25T15:57:18+00:00","og_image":[{"url":"http:\/\/lepanierdeleontine.fr\/accueil\/wp-content\/uploads\/2017\/03\/Plan_bourgoin.jpg"}],"twitter_card":"summary","schema":{"@context":"https:\/\/schema.org","@graph":[{"@type":"WebSite","@id":"https:\/\/lepanierdeleontine.fr\/accueil\/#website","url":"https:\/\/lepanierdeleontine.fr\/accueil\/","name":"Le panier de L\u00e9ontine \u00e9picerie solidaire","description":"Epicerie sociale &amp; solidaire","potentialAction":[{"@type":"SearchAction","target":{"@type":"EntryPoint","urlTemplate":"https:\/\/lepanierdeleontine.fr\/accueil\/?s={search_term_string}"},"query-input":"required name=search_term_string"}],"inLanguage":"fr-FR"},{"@type":"ImageObject","@id":"https:\/\/lepanierdeleontine.fr\/accueil\/contact\/#primaryimage","inLanguage":"fr-FR","url":"http:\/\/lepanierdeleontine.fr\/accueil\/wp-content\/uploads\/2017\/03\/Plan_bourgoin.jpg","contentUrl":"http:\/\/lepanierdeleontine.fr\/accueil\/wp-content\/uploads\/2017\/03\/Plan_bourgoin.jpg"},{"@type":"WebPage","@id":"https:\/\/lepanierdeleontine.fr\/accueil\/contact\/#webpage","url":"https:\/\/lepanierdeleontine.fr\/accueil\/contact\/","name":"Contact - Le panier de L\u00e9ontine \u00e9picerie solidaire","isPartOf":{"@id":"https:\/\/lepanierdeleontine.fr\/accueil\/#website"},"primaryImageOfPage":{"@id":"https:\/\/lepanierdeleontine.fr\/accueil\/contact\/#primaryimage"},"datePublished":"2016-12-26T17:48:12+00:00","dateModified":"2025-10-25T15:57:18+00:00","description":"Contact - Le panier de L\u00e9ontine \u00e9picerie solidaire","breadcrumb":{"@id":"https:\/\/lepanierdeleontine.fr\/accueil\/contact\/#breadcrumb"},"inLanguage":"fr-FR","potentialAction":[{"@type":"ReadAction","target":["https:\/\/lepanierdeleontine.fr\/accueil\/contact\/"]}]},{"@type":"BreadcrumbList","@id":"https:\/\/lepanierdeleontine.fr\/accueil\/contact\/#breadcrumb","itemListElement":[{"@type":"ListItem","position":1,"name":"Accueil","item":"https:\/\/lepanierdeleontine.fr\/accueil\/"},{"@type":"ListItem","position":2,"name":"Contact"}]}]}},"_links":{"self":[{"href":"https:\/\/lepanierdeleontine.fr\/accueil\/wp-json\/wp\/v2\/pages\/106","targetHints":{"allow":["GET"]}}],"collection":[{"href":"https:\/\/lepanierdeleontine.fr\/accueil\/wp-json\/wp\/v2\/pages"}],"about":[{"href":"https:\/\/lepanierdeleontine.fr\/accueil\/wp-json\/wp\/v2\/types\/page"}],"author":[{"embeddable":true,"href":"https:\/\/lepanierdeleontine.fr\/accueil\/wp-json\/wp\/v2\/users\/1"}],"replies":[{"embeddable":true,"href":"https:\/\/lepanierdeleontine.fr\/accueil\/wp-json\/wp\/v2\/comments?post=106"}],"version-history":[{"count":5,"href":"https:\/\/lepanierdeleontine.fr\/accueil\/wp-json\/wp\/v2\/pages\/106\/revisions"}],"predecessor-version":[{"id":3446,"href":"https:\/\/lepanierdeleontine.fr\/accueil\/wp-json\/wp\/v2\/pages\/106\/revisions\/3446"}],"wp:attachment":[{"href":"https:\/\/lepanierdeleontine.fr\/accueil\/wp-json\/wp\/v2\/media?parent=106"}],"curies":[{"name":"wp","href":"https:\/\/api.w.org\/{rel}","templated":true}]}}