{"id":274,"date":"2017-01-02T17:26:04","date_gmt":"2017-01-02T17:26:04","guid":{"rendered":"http:\/\/lepanierdeleontine.fr\/accueil\/?page_id=274"},"modified":"2023-10-23T16:10:25","modified_gmt":"2023-10-23T16:10:25","slug":"pain","status":"publish","type":"page","link":"https:\/\/lepanierdeleontine.fr\/accueil\/pain\/","title":{"rendered":"Pain"},"content":{"rendered":"\n<p>Notre boulanger:<\/p>\n\n\n\n<p><a href=\"https:\/\/www.facebook.com\/lefournisle\/\" target=\"_blank\" rel=\"noreferrer noopener\"><strong>Le Fourn&rsquo;Isle de l&rsquo;Isle d&rsquo;Abeau:<\/strong><\/a><\/p>\n\n\n\n<p>Une commande est pass\u00e9e le Lundi pour livraison le Jeudi.<br \/>Les pains peuvent \u00eatre command\u00e9s tranch\u00e9s ou non.<\/p>\n\n\n\n<div class=\"wp-block-columns is-layout-flex wp-container-core-columns-is-layout-2 wp-block-columns-is-layout-flex\">\n<div class=\"wp-block-column is-layout-flow wp-block-column-is-layout-flow\">\n<div class=\"wp-block-columns is-layout-flex wp-container-core-columns-is-layout-1 wp-block-columns-is-layout-flex\">\n<div class=\"wp-block-column is-layout-flow wp-block-column-is-layout-flow\">\n<div class=\"wp-block-image is-style-rounded\"><figure class=\"alignleft size-medium\"><img loading=\"lazy\" decoding=\"async\" width=\"300\" height=\"300\" src=\"https:\/\/lepanierdeleontine.fr\/accueil\/wp-content\/uploads\/2020\/12\/FournIsle-300x300.jpg\" alt=\"\" class=\"wp-image-2081\" srcset=\"https:\/\/lepanierdeleontine.fr\/accueil\/wp-content\/uploads\/2020\/12\/FournIsle-300x300.jpg 300w, https:\/\/lepanierdeleontine.fr\/accueil\/wp-content\/uploads\/2020\/12\/FournIsle-150x150.jpg 150w, https:\/\/lepanierdeleontine.fr\/accueil\/wp-content\/uploads\/2020\/12\/FournIsle-1x1.jpg 1w, https:\/\/lepanierdeleontine.fr\/accueil\/wp-content\/uploads\/2020\/12\/FournIsle.jpg 720w\" sizes=\"auto, (max-width: 300px) 100vw, 300px\" \/><\/figure><\/div>\n<\/div>\n\n\n\n<div class=\"wp-block-column is-vertically-aligned-center is-layout-flow wp-block-column-is-layout-flow\">\n<figure class=\"wp-block-image size-full is-style-default\"><a href=\"https:\/\/lepanierdeleontine.fr\/accueil\/wp-content\/uploads\/2023\/10\/entetepain-2.jpg\"><img loading=\"lazy\" decoding=\"async\" width=\"900\" height=\"300\" src=\"https:\/\/lepanierdeleontine.fr\/accueil\/wp-content\/uploads\/2023\/10\/entetepain-2.jpg\" alt=\"\" class=\"wp-image-2933\" srcset=\"https:\/\/lepanierdeleontine.fr\/accueil\/wp-content\/uploads\/2023\/10\/entetepain-2.jpg 900w, https:\/\/lepanierdeleontine.fr\/accueil\/wp-content\/uploads\/2023\/10\/entetepain-2-300x100.jpg 300w, https:\/\/lepanierdeleontine.fr\/accueil\/wp-content\/uploads\/2023\/10\/entetepain-2-768x256.jpg 768w, https:\/\/lepanierdeleontine.fr\/accueil\/wp-content\/uploads\/2023\/10\/entetepain-2-3x1.jpg 3w\" sizes=\"auto, (max-width: 900px) 100vw, 900px\" \/><\/a><figcaption><strong>.<\/strong> Boules<br \/>. Complet<br \/>. C\u00e9r\u00e9ales<br \/>. Ma\u00efs<\/figcaption><\/figure>\n<\/div>\n\n\n\n<div class=\"wp-block-column is-layout-flow wp-block-column-is-layout-flow\">\n<figure class=\"wp-block-image size-large is-style-default\"><a href=\"https:\/\/lepanierdeleontine.fr\/accueil\/wp-content\/uploads\/2023\/10\/baguette-copie-scaled.jpg\"><img loading=\"lazy\" decoding=\"async\" width=\"965\" height=\"1024\" src=\"https:\/\/lepanierdeleontine.fr\/accueil\/wp-content\/uploads\/2023\/10\/baguette-copie-965x1024.jpg\" alt=\"\" class=\"wp-image-2934\" srcset=\"https:\/\/lepanierdeleontine.fr\/accueil\/wp-content\/uploads\/2023\/10\/baguette-copie-965x1024.jpg 965w, https:\/\/lepanierdeleontine.fr\/accueil\/wp-content\/uploads\/2023\/10\/baguette-copie-283x300.jpg 283w, https:\/\/lepanierdeleontine.fr\/accueil\/wp-content\/uploads\/2023\/10\/baguette-copie-768x815.jpg 768w, https:\/\/lepanierdeleontine.fr\/accueil\/wp-content\/uploads\/2023\/10\/baguette-copie-1448x1536.jpg 1448w, https:\/\/lepanierdeleontine.fr\/accueil\/wp-content\/uploads\/2023\/10\/baguette-copie-1931x2048.jpg 1931w, https:\/\/lepanierdeleontine.fr\/accueil\/wp-content\/uploads\/2023\/10\/baguette-copie-1x1.jpg 1w\" sizes=\"auto, (max-width: 965px) 100vw, 965px\" \/><\/a><figcaption>Baguettes<\/figcaption><\/figure>\n<\/div>\n<\/div>\n<\/div>\n<\/div>\n\n\n\n<p><\/p>\n","protected":false},"excerpt":{"rendered":"<p>Notre boulanger: Le Fourn&rsquo;Isle de l&rsquo;Isle d&rsquo;Abeau: Une commande est pass\u00e9e le Lundi pour livraison le Jeudi.Les pains peuvent \u00eatre command\u00e9s tranch\u00e9s ou non.<\/p>\n","protected":false},"author":1,"featured_media":0,"parent":0,"menu_order":0,"comment_status":"closed","ping_status":"closed","template":"","meta":{"footnotes":""},"class_list":["post-274","page","type-page","status-publish","hentry"],"yoast_head":"<!-- This site is optimized with the Yoast SEO plugin v18.6 - https:\/\/yoast.com\/wordpress\/plugins\/seo\/ -->\n<title>Pain - Le panier de L\u00e9ontine \u00e9picerie solidaire<\/title>\n<meta name=\"description\" content=\"Pain - Le panier de L\u00e9ontine \u00e9picerie solidaire\" \/>\n<meta name=\"robots\" content=\"index, follow, max-snippet:-1, max-image-preview:large, max-video-preview:-1\" \/>\n<link rel=\"canonical\" href=\"https:\/\/lepanierdeleontine.fr\/accueil\/pain\/\" \/>\n<meta property=\"og:locale\" content=\"fr_FR\" \/>\n<meta property=\"og:type\" content=\"article\" \/>\n<meta property=\"og:title\" content=\"Pain - Le panier de L\u00e9ontine \u00e9picerie solidaire\" \/>\n<meta property=\"og:description\" content=\"Pain - Le panier de L\u00e9ontine \u00e9picerie solidaire\" \/>\n<meta property=\"og:url\" content=\"https:\/\/lepanierdeleontine.fr\/accueil\/pain\/\" \/>\n<meta property=\"og:site_name\" content=\"Le panier de L\u00e9ontine \u00e9picerie solidaire\" \/>\n<meta property=\"article:modified_time\" content=\"2023-10-23T16:10:25+00:00\" \/>\n<meta property=\"og:image\" content=\"https:\/\/lepanierdeleontine.fr\/accueil\/wp-content\/uploads\/2020\/12\/FournIsle-300x300.jpg\" \/>\n<meta name=\"twitter:card\" content=\"summary\" \/>\n<meta name=\"twitter:label1\" content=\"Dur\u00e9e de lecture estim\u00e9e\" \/>\n\t<meta name=\"twitter:data1\" content=\"1 minute\" \/>\n<script type=\"application\/ld+json\" class=\"yoast-schema-graph\">{\"@context\":\"https:\/\/schema.org\",\"@graph\":[{\"@type\":\"WebSite\",\"@id\":\"https:\/\/lepanierdeleontine.fr\/accueil\/#website\",\"url\":\"https:\/\/lepanierdeleontine.fr\/accueil\/\",\"name\":\"Le panier de L\u00e9ontine \u00e9picerie solidaire\",\"description\":\"Epicerie sociale &amp; solidaire\",\"potentialAction\":[{\"@type\":\"SearchAction\",\"target\":{\"@type\":\"EntryPoint\",\"urlTemplate\":\"https:\/\/lepanierdeleontine.fr\/accueil\/?s={search_term_string}\"},\"query-input\":\"required name=search_term_string\"}],\"inLanguage\":\"fr-FR\"},{\"@type\":\"ImageObject\",\"@id\":\"https:\/\/lepanierdeleontine.fr\/accueil\/pain\/#primaryimage\",\"inLanguage\":\"fr-FR\",\"url\":\"https:\/\/lepanierdeleontine.fr\/accueil\/wp-content\/uploads\/2020\/12\/FournIsle.jpg\",\"contentUrl\":\"https:\/\/lepanierdeleontine.fr\/accueil\/wp-content\/uploads\/2020\/12\/FournIsle.jpg\",\"width\":720,\"height\":720},{\"@type\":\"WebPage\",\"@id\":\"https:\/\/lepanierdeleontine.fr\/accueil\/pain\/#webpage\",\"url\":\"https:\/\/lepanierdeleontine.fr\/accueil\/pain\/\",\"name\":\"Pain - Le panier de L\u00e9ontine \u00e9picerie solidaire\",\"isPartOf\":{\"@id\":\"https:\/\/lepanierdeleontine.fr\/accueil\/#website\"},\"primaryImageOfPage\":{\"@id\":\"https:\/\/lepanierdeleontine.fr\/accueil\/pain\/#primaryimage\"},\"datePublished\":\"2017-01-02T17:26:04+00:00\",\"dateModified\":\"2023-10-23T16:10:25+00:00\",\"description\":\"Pain - Le panier de L\u00e9ontine \u00e9picerie solidaire\",\"breadcrumb\":{\"@id\":\"https:\/\/lepanierdeleontine.fr\/accueil\/pain\/#breadcrumb\"},\"inLanguage\":\"fr-FR\",\"potentialAction\":[{\"@type\":\"ReadAction\",\"target\":[\"https:\/\/lepanierdeleontine.fr\/accueil\/pain\/\"]}]},{\"@type\":\"BreadcrumbList\",\"@id\":\"https:\/\/lepanierdeleontine.fr\/accueil\/pain\/#breadcrumb\",\"itemListElement\":[{\"@type\":\"ListItem\",\"position\":1,\"name\":\"Accueil\",\"item\":\"https:\/\/lepanierdeleontine.fr\/accueil\/\"},{\"@type\":\"ListItem\",\"position\":2,\"name\":\"Pain\"}]}]}<\/script>\n<!-- \/ Yoast SEO plugin. -->","yoast_head_json":{"title":"Pain - Le panier de L\u00e9ontine \u00e9picerie solidaire","description":"Pain - Le panier de L\u00e9ontine \u00e9picerie solidaire","robots":{"index":"index","follow":"follow","max-snippet":"max-snippet:-1","max-image-preview":"max-image-preview:large","max-video-preview":"max-video-preview:-1"},"canonical":"https:\/\/lepanierdeleontine.fr\/accueil\/pain\/","og_locale":"fr_FR","og_type":"article","og_title":"Pain - Le panier de L\u00e9ontine \u00e9picerie solidaire","og_description":"Pain - Le panier de L\u00e9ontine \u00e9picerie solidaire","og_url":"https:\/\/lepanierdeleontine.fr\/accueil\/pain\/","og_site_name":"Le panier de L\u00e9ontine \u00e9picerie solidaire","article_modified_time":"2023-10-23T16:10:25+00:00","og_image":[{"url":"https:\/\/lepanierdeleontine.fr\/accueil\/wp-content\/uploads\/2020\/12\/FournIsle-300x300.jpg"}],"twitter_card":"summary","twitter_misc":{"Dur\u00e9e de lecture estim\u00e9e":"1 minute"},"schema":{"@context":"https:\/\/schema.org","@graph":[{"@type":"WebSite","@id":"https:\/\/lepanierdeleontine.fr\/accueil\/#website","url":"https:\/\/lepanierdeleontine.fr\/accueil\/","name":"Le panier de L\u00e9ontine \u00e9picerie solidaire","description":"Epicerie sociale &amp; solidaire","potentialAction":[{"@type":"SearchAction","target":{"@type":"EntryPoint","urlTemplate":"https:\/\/lepanierdeleontine.fr\/accueil\/?s={search_term_string}"},"query-input":"required name=search_term_string"}],"inLanguage":"fr-FR"},{"@type":"ImageObject","@id":"https:\/\/lepanierdeleontine.fr\/accueil\/pain\/#primaryimage","inLanguage":"fr-FR","url":"https:\/\/lepanierdeleontine.fr\/accueil\/wp-content\/uploads\/2020\/12\/FournIsle.jpg","contentUrl":"https:\/\/lepanierdeleontine.fr\/accueil\/wp-content\/uploads\/2020\/12\/FournIsle.jpg","width":720,"height":720},{"@type":"WebPage","@id":"https:\/\/lepanierdeleontine.fr\/accueil\/pain\/#webpage","url":"https:\/\/lepanierdeleontine.fr\/accueil\/pain\/","name":"Pain - Le panier de L\u00e9ontine \u00e9picerie solidaire","isPartOf":{"@id":"https:\/\/lepanierdeleontine.fr\/accueil\/#website"},"primaryImageOfPage":{"@id":"https:\/\/lepanierdeleontine.fr\/accueil\/pain\/#primaryimage"},"datePublished":"2017-01-02T17:26:04+00:00","dateModified":"2023-10-23T16:10:25+00:00","description":"Pain - Le panier de L\u00e9ontine \u00e9picerie solidaire","breadcrumb":{"@id":"https:\/\/lepanierdeleontine.fr\/accueil\/pain\/#breadcrumb"},"inLanguage":"fr-FR","potentialAction":[{"@type":"ReadAction","target":["https:\/\/lepanierdeleontine.fr\/accueil\/pain\/"]}]},{"@type":"BreadcrumbList","@id":"https:\/\/lepanierdeleontine.fr\/accueil\/pain\/#breadcrumb","itemListElement":[{"@type":"ListItem","position":1,"name":"Accueil","item":"https:\/\/lepanierdeleontine.fr\/accueil\/"},{"@type":"ListItem","position":2,"name":"Pain"}]}]}},"_links":{"self":[{"href":"https:\/\/lepanierdeleontine.fr\/accueil\/wp-json\/wp\/v2\/pages\/274","targetHints":{"allow":["GET"]}}],"collection":[{"href":"https:\/\/lepanierdeleontine.fr\/accueil\/wp-json\/wp\/v2\/pages"}],"about":[{"href":"https:\/\/lepanierdeleontine.fr\/accueil\/wp-json\/wp\/v2\/types\/page"}],"author":[{"embeddable":true,"href":"https:\/\/lepanierdeleontine.fr\/accueil\/wp-json\/wp\/v2\/users\/1"}],"replies":[{"embeddable":true,"href":"https:\/\/lepanierdeleontine.fr\/accueil\/wp-json\/wp\/v2\/comments?post=274"}],"version-history":[{"count":4,"href":"https:\/\/lepanierdeleontine.fr\/accueil\/wp-json\/wp\/v2\/pages\/274\/revisions"}],"predecessor-version":[{"id":2935,"href":"https:\/\/lepanierdeleontine.fr\/accueil\/wp-json\/wp\/v2\/pages\/274\/revisions\/2935"}],"wp:attachment":[{"href":"https:\/\/lepanierdeleontine.fr\/accueil\/wp-json\/wp\/v2\/media?parent=274"}],"curies":[{"name":"wp","href":"https:\/\/api.w.org\/{rel}","templated":true}]}}