{"id":282,"date":"2017-01-02T17:38:19","date_gmt":"2017-01-02T17:38:19","guid":{"rendered":"http:\/\/lepanierdeleontine.fr\/accueil\/?page_id=282"},"modified":"2023-10-05T15:58:05","modified_gmt":"2023-10-05T15:58:05","slug":"entretien-hygiene","status":"publish","type":"page","link":"https:\/\/lepanierdeleontine.fr\/accueil\/entretien-hygiene\/","title":{"rendered":"Entretien &#8211; hygi\u00e8ne"},"content":{"rendered":"<p>Une base de produits d\u2019entretien et d\u2019hygi\u00e8ne courants sont pr\u00e9sents dans les rayons des \u00e9piceries. La volont\u00e9 est de sensibiliser aux gestes doux pour la plan\u00e8te. Pour cela des produits \u00e9cologiques sont propos\u00e9s.<\/p>\n<p>&nbsp;<\/p>\n","protected":false},"excerpt":{"rendered":"<p>Une base de produits d\u2019entretien et d\u2019hygi\u00e8ne courants sont pr\u00e9sents dans les rayons des \u00e9piceries. La volont\u00e9 est de sensibiliser aux gestes doux pour la plan\u00e8te. Pour cela des produits \u00e9cologiques sont propos\u00e9s. &nbsp;<\/p>\n","protected":false},"author":1,"featured_media":0,"parent":0,"menu_order":0,"comment_status":"closed","ping_status":"closed","template":"","meta":{"footnotes":""},"class_list":["post-282","page","type-page","status-publish","hentry"],"yoast_head":"<!-- This site is optimized with the Yoast SEO plugin v18.6 - https:\/\/yoast.com\/wordpress\/plugins\/seo\/ -->\n<title>Entretien - hygi\u00e8ne - Le panier de L\u00e9ontine \u00e9picerie solidaire<\/title>\n<meta name=\"description\" content=\"Entretien - hygi\u00e8ne - Le panier de L\u00e9ontine \u00e9picerie solidaire\" \/>\n<meta name=\"robots\" content=\"index, follow, max-snippet:-1, max-image-preview:large, max-video-preview:-1\" \/>\n<link rel=\"canonical\" href=\"https:\/\/lepanierdeleontine.fr\/accueil\/entretien-hygiene\/\" \/>\n<meta property=\"og:locale\" content=\"fr_FR\" \/>\n<meta property=\"og:type\" content=\"article\" \/>\n<meta property=\"og:title\" content=\"Entretien - hygi\u00e8ne - Le panier de L\u00e9ontine \u00e9picerie solidaire\" \/>\n<meta property=\"og:description\" content=\"Entretien - hygi\u00e8ne - Le panier de L\u00e9ontine \u00e9picerie solidaire\" \/>\n<meta property=\"og:url\" content=\"https:\/\/lepanierdeleontine.fr\/accueil\/entretien-hygiene\/\" \/>\n<meta property=\"og:site_name\" content=\"Le panier de L\u00e9ontine \u00e9picerie solidaire\" \/>\n<meta property=\"article:modified_time\" content=\"2023-10-05T15:58:05+00:00\" \/>\n<meta name=\"twitter:card\" content=\"summary\" \/>\n<meta name=\"twitter:label1\" content=\"Dur\u00e9e de lecture estim\u00e9e\" \/>\n\t<meta name=\"twitter:data1\" content=\"1 minute\" \/>\n<script type=\"application\/ld+json\" class=\"yoast-schema-graph\">{\"@context\":\"https:\/\/schema.org\",\"@graph\":[{\"@type\":\"WebSite\",\"@id\":\"https:\/\/lepanierdeleontine.fr\/accueil\/#website\",\"url\":\"https:\/\/lepanierdeleontine.fr\/accueil\/\",\"name\":\"Le panier de L\u00e9ontine \u00e9picerie solidaire\",\"description\":\"Epicerie sociale &amp; solidaire\",\"potentialAction\":[{\"@type\":\"SearchAction\",\"target\":{\"@type\":\"EntryPoint\",\"urlTemplate\":\"https:\/\/lepanierdeleontine.fr\/accueil\/?s={search_term_string}\"},\"query-input\":\"required name=search_term_string\"}],\"inLanguage\":\"fr-FR\"},{\"@type\":\"WebPage\",\"@id\":\"https:\/\/lepanierdeleontine.fr\/accueil\/entretien-hygiene\/#webpage\",\"url\":\"https:\/\/lepanierdeleontine.fr\/accueil\/entretien-hygiene\/\",\"name\":\"Entretien - hygi\u00e8ne - Le panier de L\u00e9ontine \u00e9picerie solidaire\",\"isPartOf\":{\"@id\":\"https:\/\/lepanierdeleontine.fr\/accueil\/#website\"},\"datePublished\":\"2017-01-02T17:38:19+00:00\",\"dateModified\":\"2023-10-05T15:58:05+00:00\",\"description\":\"Entretien - hygi\u00e8ne - Le panier de L\u00e9ontine \u00e9picerie solidaire\",\"breadcrumb\":{\"@id\":\"https:\/\/lepanierdeleontine.fr\/accueil\/entretien-hygiene\/#breadcrumb\"},\"inLanguage\":\"fr-FR\",\"potentialAction\":[{\"@type\":\"ReadAction\",\"target\":[\"https:\/\/lepanierdeleontine.fr\/accueil\/entretien-hygiene\/\"]}]},{\"@type\":\"BreadcrumbList\",\"@id\":\"https:\/\/lepanierdeleontine.fr\/accueil\/entretien-hygiene\/#breadcrumb\",\"itemListElement\":[{\"@type\":\"ListItem\",\"position\":1,\"name\":\"Accueil\",\"item\":\"https:\/\/lepanierdeleontine.fr\/accueil\/\"},{\"@type\":\"ListItem\",\"position\":2,\"name\":\"Entretien &#8211; hygi\u00e8ne\"}]}]}<\/script>\n<!-- \/ Yoast SEO plugin. -->","yoast_head_json":{"title":"Entretien - hygi\u00e8ne - Le panier de L\u00e9ontine \u00e9picerie solidaire","description":"Entretien - hygi\u00e8ne - Le panier de L\u00e9ontine \u00e9picerie solidaire","robots":{"index":"index","follow":"follow","max-snippet":"max-snippet:-1","max-image-preview":"max-image-preview:large","max-video-preview":"max-video-preview:-1"},"canonical":"https:\/\/lepanierdeleontine.fr\/accueil\/entretien-hygiene\/","og_locale":"fr_FR","og_type":"article","og_title":"Entretien - hygi\u00e8ne - Le panier de L\u00e9ontine \u00e9picerie solidaire","og_description":"Entretien - hygi\u00e8ne - Le panier de L\u00e9ontine \u00e9picerie solidaire","og_url":"https:\/\/lepanierdeleontine.fr\/accueil\/entretien-hygiene\/","og_site_name":"Le panier de L\u00e9ontine \u00e9picerie solidaire","article_modified_time":"2023-10-05T15:58:05+00:00","twitter_card":"summary","twitter_misc":{"Dur\u00e9e de lecture estim\u00e9e":"1 minute"},"schema":{"@context":"https:\/\/schema.org","@graph":[{"@type":"WebSite","@id":"https:\/\/lepanierdeleontine.fr\/accueil\/#website","url":"https:\/\/lepanierdeleontine.fr\/accueil\/","name":"Le panier de L\u00e9ontine \u00e9picerie solidaire","description":"Epicerie sociale &amp; solidaire","potentialAction":[{"@type":"SearchAction","target":{"@type":"EntryPoint","urlTemplate":"https:\/\/lepanierdeleontine.fr\/accueil\/?s={search_term_string}"},"query-input":"required name=search_term_string"}],"inLanguage":"fr-FR"},{"@type":"WebPage","@id":"https:\/\/lepanierdeleontine.fr\/accueil\/entretien-hygiene\/#webpage","url":"https:\/\/lepanierdeleontine.fr\/accueil\/entretien-hygiene\/","name":"Entretien - hygi\u00e8ne - Le panier de L\u00e9ontine \u00e9picerie solidaire","isPartOf":{"@id":"https:\/\/lepanierdeleontine.fr\/accueil\/#website"},"datePublished":"2017-01-02T17:38:19+00:00","dateModified":"2023-10-05T15:58:05+00:00","description":"Entretien - hygi\u00e8ne - Le panier de L\u00e9ontine \u00e9picerie solidaire","breadcrumb":{"@id":"https:\/\/lepanierdeleontine.fr\/accueil\/entretien-hygiene\/#breadcrumb"},"inLanguage":"fr-FR","potentialAction":[{"@type":"ReadAction","target":["https:\/\/lepanierdeleontine.fr\/accueil\/entretien-hygiene\/"]}]},{"@type":"BreadcrumbList","@id":"https:\/\/lepanierdeleontine.fr\/accueil\/entretien-hygiene\/#breadcrumb","itemListElement":[{"@type":"ListItem","position":1,"name":"Accueil","item":"https:\/\/lepanierdeleontine.fr\/accueil\/"},{"@type":"ListItem","position":2,"name":"Entretien &#8211; hygi\u00e8ne"}]}]}},"_links":{"self":[{"href":"https:\/\/lepanierdeleontine.fr\/accueil\/wp-json\/wp\/v2\/pages\/282","targetHints":{"allow":["GET"]}}],"collection":[{"href":"https:\/\/lepanierdeleontine.fr\/accueil\/wp-json\/wp\/v2\/pages"}],"about":[{"href":"https:\/\/lepanierdeleontine.fr\/accueil\/wp-json\/wp\/v2\/types\/page"}],"author":[{"embeddable":true,"href":"https:\/\/lepanierdeleontine.fr\/accueil\/wp-json\/wp\/v2\/users\/1"}],"replies":[{"embeddable":true,"href":"https:\/\/lepanierdeleontine.fr\/accueil\/wp-json\/wp\/v2\/comments?post=282"}],"version-history":[{"count":4,"href":"https:\/\/lepanierdeleontine.fr\/accueil\/wp-json\/wp\/v2\/pages\/282\/revisions"}],"predecessor-version":[{"id":2920,"href":"https:\/\/lepanierdeleontine.fr\/accueil\/wp-json\/wp\/v2\/pages\/282\/revisions\/2920"}],"wp:attachment":[{"href":"https:\/\/lepanierdeleontine.fr\/accueil\/wp-json\/wp\/v2\/media?parent=282"}],"curies":[{"name":"wp","href":"https:\/\/api.w.org\/{rel}","templated":true}]}}