{"id":304,"date":"2017-01-03T15:40:52","date_gmt":"2017-01-03T15:40:52","guid":{"rendered":"http:\/\/lepanierdeleontine.fr\/accueil\/?page_id=304"},"modified":"2023-10-05T15:49:38","modified_gmt":"2023-10-05T15:49:38","slug":"produits-secs-bio-en-vrac","status":"publish","type":"page","link":"https:\/\/lepanierdeleontine.fr\/accueil\/produits-secs-bio-en-vrac\/","title":{"rendered":"Produits bio"},"content":{"rendered":"<p><a href=\"http:\/\/lepanierdeleontine.fr\/accueil\/wp-content\/uploads\/2017\/03\/DSC_0003-e1491151599912.jpg\"><img loading=\"lazy\" decoding=\"async\" class=\"alignleft size-full wp-image-856\" src=\"http:\/\/lepanierdeleontine.fr\/accueil\/wp-content\/uploads\/2017\/03\/DSC_0003-e1491151599912.jpg\" alt=\"\" width=\"225\" height=\"400\" \/><\/a><\/p>\n<p>Les \u00e9piceries ont mis en place une vente de produits en vrac dans les distributeurs pour limiter les emballages et permettre l\u2019achat de la quantit\u00e9 voulue :<\/p>\n<ul>\n<li>Lentilles vertes et corail<\/li>\n<li>P\u00e2tes coquillettes, spirales demi-compl\u00e8tes<\/li>\n<li>Semoule de couscous<\/li>\n<li>Pois chiches<\/li>\n<li>Riz long demi-complet et riz tha\u00ef<\/li>\n<li>Amandes<\/li>\n<li>Noisettes<\/li>\n<li>Muesli fruits et 5 c\u00e9r\u00e9ales<\/li>\n<li>M\u00e9lange ap\u00e9ritif<\/li>\n<li>Fruits secs<\/li>\n<li>Caf\u00e9<\/li>\n<\/ul>\n<p>&nbsp;<\/p>\n<p>Autres produits bio :<br \/>\nles \u0153ufs qui proviennent de La Bassecour bio<br \/>\nles agrumes et bananes\u00a0 de la BIOCOOP<\/p>\n<p>&nbsp;<\/p>\n<p>&nbsp;<\/p>\n<p>&nbsp;<\/p>\n<p>&nbsp;<\/p>\n<p>&nbsp;<\/p>\n<p>&nbsp;<\/p>\n<p><a href=\"http:\/\/lepanierdeleontine.fr\/accueil\/wp-content\/uploads\/2017\/03\/agrumes.jpg\"><img loading=\"lazy\" decoding=\"async\" class=\"size-full wp-image-682 alignleft\" src=\"http:\/\/lepanierdeleontine.fr\/accueil\/wp-content\/uploads\/2017\/03\/agrumes.jpg\" alt=\"\" width=\"200\" height=\"304\" srcset=\"https:\/\/lepanierdeleontine.fr\/accueil\/wp-content\/uploads\/2017\/03\/agrumes.jpg 200w, https:\/\/lepanierdeleontine.fr\/accueil\/wp-content\/uploads\/2017\/03\/agrumes-197x300.jpg 197w, https:\/\/lepanierdeleontine.fr\/accueil\/wp-content\/uploads\/2017\/03\/agrumes-1x1.jpg 1w\" sizes=\"auto, (max-width: 200px) 100vw, 200px\" \/><\/a>aux agrumes : oranges, pamplemousses, citrons, mandarines fournis par des producteurs andalous ou siciliens<\/p>\n","protected":false},"excerpt":{"rendered":"<p>Les \u00e9piceries ont mis en place une vente de produits en vrac dans les distributeurs pour limiter les emballages et permettre l\u2019achat de la quantit\u00e9 voulue : Lentilles vertes et corail P\u00e2tes coquillettes, spirales demi-compl\u00e8tes Semoule de couscous Pois chiches Riz long demi-complet et riz tha\u00ef Amandes Noisettes Muesli fruits et 5 c\u00e9r\u00e9ales M\u00e9lange ap\u00e9ritif&#8230;<\/p>\n","protected":false},"author":1,"featured_media":0,"parent":0,"menu_order":0,"comment_status":"closed","ping_status":"closed","template":"","meta":{"footnotes":""},"class_list":["post-304","page","type-page","status-publish","hentry"],"yoast_head":"<!-- This site is optimized with the Yoast SEO plugin v18.6 - https:\/\/yoast.com\/wordpress\/plugins\/seo\/ -->\n<title>Produits bio - Le panier de L\u00e9ontine \u00e9picerie solidaire<\/title>\n<meta name=\"description\" content=\"Produits bio - Le panier de L\u00e9ontine \u00e9picerie solidaire\" \/>\n<meta name=\"robots\" content=\"index, follow, max-snippet:-1, max-image-preview:large, max-video-preview:-1\" \/>\n<link rel=\"canonical\" href=\"https:\/\/lepanierdeleontine.fr\/accueil\/produits-secs-bio-en-vrac\/\" \/>\n<meta property=\"og:locale\" content=\"fr_FR\" \/>\n<meta property=\"og:type\" content=\"article\" \/>\n<meta property=\"og:title\" content=\"Produits bio - Le panier de L\u00e9ontine \u00e9picerie solidaire\" \/>\n<meta property=\"og:description\" content=\"Produits bio - Le panier de L\u00e9ontine \u00e9picerie solidaire\" \/>\n<meta property=\"og:url\" content=\"https:\/\/lepanierdeleontine.fr\/accueil\/produits-secs-bio-en-vrac\/\" \/>\n<meta property=\"og:site_name\" content=\"Le panier de L\u00e9ontine \u00e9picerie solidaire\" \/>\n<meta property=\"article:modified_time\" content=\"2023-10-05T15:49:38+00:00\" \/>\n<meta property=\"og:image\" content=\"http:\/\/lepanierdeleontine.fr\/accueil\/wp-content\/uploads\/2017\/03\/DSC_0003-e1491151599912.jpg\" \/>\n<meta name=\"twitter:card\" content=\"summary\" \/>\n<meta name=\"twitter:label1\" content=\"Dur\u00e9e de lecture estim\u00e9e\" \/>\n\t<meta name=\"twitter:data1\" content=\"1 minute\" \/>\n<script type=\"application\/ld+json\" class=\"yoast-schema-graph\">{\"@context\":\"https:\/\/schema.org\",\"@graph\":[{\"@type\":\"WebSite\",\"@id\":\"https:\/\/lepanierdeleontine.fr\/accueil\/#website\",\"url\":\"https:\/\/lepanierdeleontine.fr\/accueil\/\",\"name\":\"Le panier de L\u00e9ontine \u00e9picerie solidaire\",\"description\":\"Epicerie sociale &amp; solidaire\",\"potentialAction\":[{\"@type\":\"SearchAction\",\"target\":{\"@type\":\"EntryPoint\",\"urlTemplate\":\"https:\/\/lepanierdeleontine.fr\/accueil\/?s={search_term_string}\"},\"query-input\":\"required name=search_term_string\"}],\"inLanguage\":\"fr-FR\"},{\"@type\":\"ImageObject\",\"@id\":\"https:\/\/lepanierdeleontine.fr\/accueil\/produits-secs-bio-en-vrac\/#primaryimage\",\"inLanguage\":\"fr-FR\",\"url\":\"http:\/\/lepanierdeleontine.fr\/accueil\/wp-content\/uploads\/2017\/03\/DSC_0003-e1491151599912.jpg\",\"contentUrl\":\"http:\/\/lepanierdeleontine.fr\/accueil\/wp-content\/uploads\/2017\/03\/DSC_0003-e1491151599912.jpg\"},{\"@type\":\"WebPage\",\"@id\":\"https:\/\/lepanierdeleontine.fr\/accueil\/produits-secs-bio-en-vrac\/#webpage\",\"url\":\"https:\/\/lepanierdeleontine.fr\/accueil\/produits-secs-bio-en-vrac\/\",\"name\":\"Produits bio - Le panier de L\u00e9ontine \u00e9picerie solidaire\",\"isPartOf\":{\"@id\":\"https:\/\/lepanierdeleontine.fr\/accueil\/#website\"},\"primaryImageOfPage\":{\"@id\":\"https:\/\/lepanierdeleontine.fr\/accueil\/produits-secs-bio-en-vrac\/#primaryimage\"},\"datePublished\":\"2017-01-03T15:40:52+00:00\",\"dateModified\":\"2023-10-05T15:49:38+00:00\",\"description\":\"Produits bio - Le panier de L\u00e9ontine \u00e9picerie solidaire\",\"breadcrumb\":{\"@id\":\"https:\/\/lepanierdeleontine.fr\/accueil\/produits-secs-bio-en-vrac\/#breadcrumb\"},\"inLanguage\":\"fr-FR\",\"potentialAction\":[{\"@type\":\"ReadAction\",\"target\":[\"https:\/\/lepanierdeleontine.fr\/accueil\/produits-secs-bio-en-vrac\/\"]}]},{\"@type\":\"BreadcrumbList\",\"@id\":\"https:\/\/lepanierdeleontine.fr\/accueil\/produits-secs-bio-en-vrac\/#breadcrumb\",\"itemListElement\":[{\"@type\":\"ListItem\",\"position\":1,\"name\":\"Accueil\",\"item\":\"https:\/\/lepanierdeleontine.fr\/accueil\/\"},{\"@type\":\"ListItem\",\"position\":2,\"name\":\"Produits bio\"}]}]}<\/script>\n<!-- \/ Yoast SEO plugin. -->","yoast_head_json":{"title":"Produits bio - Le panier de L\u00e9ontine \u00e9picerie solidaire","description":"Produits bio - Le panier de L\u00e9ontine \u00e9picerie solidaire","robots":{"index":"index","follow":"follow","max-snippet":"max-snippet:-1","max-image-preview":"max-image-preview:large","max-video-preview":"max-video-preview:-1"},"canonical":"https:\/\/lepanierdeleontine.fr\/accueil\/produits-secs-bio-en-vrac\/","og_locale":"fr_FR","og_type":"article","og_title":"Produits bio - Le panier de L\u00e9ontine \u00e9picerie solidaire","og_description":"Produits bio - Le panier de L\u00e9ontine \u00e9picerie solidaire","og_url":"https:\/\/lepanierdeleontine.fr\/accueil\/produits-secs-bio-en-vrac\/","og_site_name":"Le panier de L\u00e9ontine \u00e9picerie solidaire","article_modified_time":"2023-10-05T15:49:38+00:00","og_image":[{"url":"http:\/\/lepanierdeleontine.fr\/accueil\/wp-content\/uploads\/2017\/03\/DSC_0003-e1491151599912.jpg"}],"twitter_card":"summary","twitter_misc":{"Dur\u00e9e de lecture estim\u00e9e":"1 minute"},"schema":{"@context":"https:\/\/schema.org","@graph":[{"@type":"WebSite","@id":"https:\/\/lepanierdeleontine.fr\/accueil\/#website","url":"https:\/\/lepanierdeleontine.fr\/accueil\/","name":"Le panier de L\u00e9ontine \u00e9picerie solidaire","description":"Epicerie sociale &amp; solidaire","potentialAction":[{"@type":"SearchAction","target":{"@type":"EntryPoint","urlTemplate":"https:\/\/lepanierdeleontine.fr\/accueil\/?s={search_term_string}"},"query-input":"required name=search_term_string"}],"inLanguage":"fr-FR"},{"@type":"ImageObject","@id":"https:\/\/lepanierdeleontine.fr\/accueil\/produits-secs-bio-en-vrac\/#primaryimage","inLanguage":"fr-FR","url":"http:\/\/lepanierdeleontine.fr\/accueil\/wp-content\/uploads\/2017\/03\/DSC_0003-e1491151599912.jpg","contentUrl":"http:\/\/lepanierdeleontine.fr\/accueil\/wp-content\/uploads\/2017\/03\/DSC_0003-e1491151599912.jpg"},{"@type":"WebPage","@id":"https:\/\/lepanierdeleontine.fr\/accueil\/produits-secs-bio-en-vrac\/#webpage","url":"https:\/\/lepanierdeleontine.fr\/accueil\/produits-secs-bio-en-vrac\/","name":"Produits bio - Le panier de L\u00e9ontine \u00e9picerie solidaire","isPartOf":{"@id":"https:\/\/lepanierdeleontine.fr\/accueil\/#website"},"primaryImageOfPage":{"@id":"https:\/\/lepanierdeleontine.fr\/accueil\/produits-secs-bio-en-vrac\/#primaryimage"},"datePublished":"2017-01-03T15:40:52+00:00","dateModified":"2023-10-05T15:49:38+00:00","description":"Produits bio - Le panier de L\u00e9ontine \u00e9picerie solidaire","breadcrumb":{"@id":"https:\/\/lepanierdeleontine.fr\/accueil\/produits-secs-bio-en-vrac\/#breadcrumb"},"inLanguage":"fr-FR","potentialAction":[{"@type":"ReadAction","target":["https:\/\/lepanierdeleontine.fr\/accueil\/produits-secs-bio-en-vrac\/"]}]},{"@type":"BreadcrumbList","@id":"https:\/\/lepanierdeleontine.fr\/accueil\/produits-secs-bio-en-vrac\/#breadcrumb","itemListElement":[{"@type":"ListItem","position":1,"name":"Accueil","item":"https:\/\/lepanierdeleontine.fr\/accueil\/"},{"@type":"ListItem","position":2,"name":"Produits bio"}]}]}},"_links":{"self":[{"href":"https:\/\/lepanierdeleontine.fr\/accueil\/wp-json\/wp\/v2\/pages\/304","targetHints":{"allow":["GET"]}}],"collection":[{"href":"https:\/\/lepanierdeleontine.fr\/accueil\/wp-json\/wp\/v2\/pages"}],"about":[{"href":"https:\/\/lepanierdeleontine.fr\/accueil\/wp-json\/wp\/v2\/types\/page"}],"author":[{"embeddable":true,"href":"https:\/\/lepanierdeleontine.fr\/accueil\/wp-json\/wp\/v2\/users\/1"}],"replies":[{"embeddable":true,"href":"https:\/\/lepanierdeleontine.fr\/accueil\/wp-json\/wp\/v2\/comments?post=304"}],"version-history":[{"count":5,"href":"https:\/\/lepanierdeleontine.fr\/accueil\/wp-json\/wp\/v2\/pages\/304\/revisions"}],"predecessor-version":[{"id":2917,"href":"https:\/\/lepanierdeleontine.fr\/accueil\/wp-json\/wp\/v2\/pages\/304\/revisions\/2917"}],"wp:attachment":[{"href":"https:\/\/lepanierdeleontine.fr\/accueil\/wp-json\/wp\/v2\/media?parent=304"}],"curies":[{"name":"wp","href":"https:\/\/api.w.org\/{rel}","templated":true}]}}