{"id":341,"date":"2017-01-05T12:46:06","date_gmt":"2017-01-05T12:46:06","guid":{"rendered":"http:\/\/lepanierdeleontine.fr\/accueil\/?page_id=341"},"modified":"2024-09-28T14:14:51","modified_gmt":"2024-09-28T14:14:51","slug":"legumes-et-fruits-frais","status":"publish","type":"page","link":"https:\/\/lepanierdeleontine.fr\/accueil\/legumes-et-fruits-frais\/","title":{"rendered":"Produits locaux"},"content":{"rendered":"<p><a href=\"https:\/\/lepanierdeleontine.fr\/accueil\/wp-content\/uploads\/2018\/10\/IMG_20180906_120155.jpg\"><img loading=\"lazy\" decoding=\"async\" class=\"alignleft size-full wp-image-1478\" src=\"https:\/\/lepanierdeleontine.fr\/accueil\/wp-content\/uploads\/2018\/10\/IMG_20180906_120155.jpg\" alt=\"\" width=\"500\" height=\"375\" srcset=\"https:\/\/lepanierdeleontine.fr\/accueil\/wp-content\/uploads\/2018\/10\/IMG_20180906_120155.jpg 500w, https:\/\/lepanierdeleontine.fr\/accueil\/wp-content\/uploads\/2018\/10\/IMG_20180906_120155-300x225.jpg 300w, https:\/\/lepanierdeleontine.fr\/accueil\/wp-content\/uploads\/2018\/10\/IMG_20180906_120155-1x1.jpg 1w\" sizes=\"auto, (max-width: 500px) 100vw, 500px\" \/><\/a>Chaque lundi matin les commandes de fruits et l\u00e9gumes, produits locaux et de saison, sont pass\u00e9es \u00e0 nos diff\u00e9rents fournisseurs:<\/p>\n<p>Fournisseurs locaux de l\u00e9gumes:<br \/>\n<span style=\"color: #67ac2d;\"><strong>S\u00e9bastien Jas <\/strong><\/span>de Corbeyssieu, Frontonas<br \/>\n<strong><span style=\"color: #67ac2d;\">Le potager de la Botte<\/span><\/strong> \u00e0 Saint Alban de Roche<br \/>\n<span style=\"color: #67ac2d;\"><strong>R\u00e9ColTer<\/strong><\/span>, (Restauration Collective et Territoires de Rh\u00f4ne Pluriel).<\/p>\n<p><span style=\"color: #339966;\"><strong>R\u00e9Colter<\/strong><\/span> nous approvisionne \u00e9galement en&nbsp; fromages de vache et de ch\u00e8vre comme les Rigottes de Condrieu, yaourts natures et aux fruits bio, fromages blancs.<\/p>\n<p>Les <a href=\"http:\/\/saucissonsmoiroud.com\/\"><strong>saucissons MOIROUD<\/strong>&nbsp;<\/a> de l&rsquo;Isle d&rsquo;Abeau nous fournissent la charcuterie: saucissons, coppa, jambon cuit ou sec, caillettes, saucissons \u00e0 cuire.<\/p>\n<p>Autres produits bio de producteurs locaux fournis par<span style=\"color: #339966;\"> <strong>\u00ab Mangez Bio Is\u00e8re \u00bb<\/strong><\/span><br \/>\n&#8211; poissons :truites \u2026<br \/>\n&#8211; fromages : St Marcellin, St F\u00e9licien , Reblochon&#8230;<br \/>\n&#8211; cidre<br \/>\n&#8211; b\u0153uf et veau sous vide<br \/>\n&#8211; saucisson \u00e0 cuire et saucisses aux herbes<\/p>\n<p>La <a href=\"https:\/\/chantitet.com\/\"><strong>Ferme de Chantitet<\/strong><\/a> install\u00e9e \u00e0 Four&nbsp; vous propose ses volailles.<\/p>\n<p>D\u2019autres produits locaux de qualit\u00e9 sont propos\u00e9s&nbsp;:<\/p>\n<ul>Miel selon les r\u00e9coltes&nbsp;: toutes fleurs, lavande\u2026.<\/ul>\n<ul>Jus de fruit bio&nbsp;: pomme, poire, raisin.<\/ul>\n<p><a href=\"https:\/\/www.facebook.com\/bieresdutemps\/\"><strong>Les Bi\u00e8res du Temps<\/strong>&nbsp;<\/a>blanche, blonde, ambr\u00e9e, brune.<\/p>\n<p><a href=\"http:\/\/lepanierdeleontine.fr\/accueil\/wp-content\/uploads\/2017\/03\/lespaniers_500.jpg\"><img loading=\"lazy\" decoding=\"async\" class=\"alignleft size-full wp-image-696\" src=\"http:\/\/lepanierdeleontine.fr\/accueil\/wp-content\/uploads\/2017\/03\/lespaniers_500.jpg\" alt=\"\" width=\"500\" height=\"375\" srcset=\"https:\/\/lepanierdeleontine.fr\/accueil\/wp-content\/uploads\/2017\/03\/lespaniers_500.jpg 500w, https:\/\/lepanierdeleontine.fr\/accueil\/wp-content\/uploads\/2017\/03\/lespaniers_500-300x225.jpg 300w, https:\/\/lepanierdeleontine.fr\/accueil\/wp-content\/uploads\/2017\/03\/lespaniers_500-1x1.jpg 1w\" sizes=\"auto, (max-width: 500px) 100vw, 500px\" \/><\/a><br \/>\nLes b\u00e9n\u00e9voles pr\u00e9parent les paniers en fonction des commandes de chacun, le surplus est propos\u00e9 en vente libre&nbsp;.<\/p>\n","protected":false},"excerpt":{"rendered":"<p>Chaque lundi matin les commandes de fruits et l\u00e9gumes, produits locaux et de saison, sont pass\u00e9es \u00e0 nos diff\u00e9rents fournisseurs: Fournisseurs locaux de l\u00e9gumes: S\u00e9bastien Jas de Corbeyssieu, Frontonas Le potager de la Botte \u00e0 Saint Alban de Roche R\u00e9ColTer, (Restauration Collective et Territoires de Rh\u00f4ne Pluriel). R\u00e9Colter nous approvisionne \u00e9galement en&nbsp; fromages de vache&#8230;<\/p>\n","protected":false},"author":1,"featured_media":0,"parent":0,"menu_order":0,"comment_status":"closed","ping_status":"closed","template":"","meta":{"footnotes":""},"class_list":["post-341","page","type-page","status-publish","hentry"],"yoast_head":"<!-- This site is optimized with the Yoast SEO plugin v18.6 - https:\/\/yoast.com\/wordpress\/plugins\/seo\/ -->\n<title>Produits locaux - Le panier de L\u00e9ontine \u00e9picerie solidaire<\/title>\n<meta name=\"description\" content=\"Produits locaux - Le panier de L\u00e9ontine \u00e9picerie solidaire\" \/>\n<meta name=\"robots\" content=\"index, follow, max-snippet:-1, max-image-preview:large, max-video-preview:-1\" \/>\n<link rel=\"canonical\" href=\"https:\/\/lepanierdeleontine.fr\/accueil\/legumes-et-fruits-frais\/\" \/>\n<meta property=\"og:locale\" content=\"fr_FR\" \/>\n<meta property=\"og:type\" content=\"article\" \/>\n<meta property=\"og:title\" content=\"Produits locaux - Le panier de L\u00e9ontine \u00e9picerie solidaire\" \/>\n<meta property=\"og:description\" content=\"Produits locaux - Le panier de L\u00e9ontine \u00e9picerie solidaire\" \/>\n<meta property=\"og:url\" content=\"https:\/\/lepanierdeleontine.fr\/accueil\/legumes-et-fruits-frais\/\" \/>\n<meta property=\"og:site_name\" content=\"Le panier de L\u00e9ontine \u00e9picerie solidaire\" \/>\n<meta property=\"article:modified_time\" content=\"2024-09-28T14:14:51+00:00\" \/>\n<meta property=\"og:image\" content=\"https:\/\/lepanierdeleontine.fr\/accueil\/wp-content\/uploads\/2018\/10\/IMG_20180906_120155.jpg\" \/>\n<meta name=\"twitter:card\" content=\"summary\" \/>\n<meta name=\"twitter:label1\" content=\"Dur\u00e9e de lecture estim\u00e9e\" \/>\n\t<meta name=\"twitter:data1\" content=\"2 minutes\" \/>\n<script type=\"application\/ld+json\" class=\"yoast-schema-graph\">{\"@context\":\"https:\/\/schema.org\",\"@graph\":[{\"@type\":\"WebSite\",\"@id\":\"https:\/\/lepanierdeleontine.fr\/accueil\/#website\",\"url\":\"https:\/\/lepanierdeleontine.fr\/accueil\/\",\"name\":\"Le panier de L\u00e9ontine \u00e9picerie solidaire\",\"description\":\"Epicerie sociale &amp; solidaire\",\"potentialAction\":[{\"@type\":\"SearchAction\",\"target\":{\"@type\":\"EntryPoint\",\"urlTemplate\":\"https:\/\/lepanierdeleontine.fr\/accueil\/?s={search_term_string}\"},\"query-input\":\"required name=search_term_string\"}],\"inLanguage\":\"fr-FR\"},{\"@type\":\"ImageObject\",\"@id\":\"https:\/\/lepanierdeleontine.fr\/accueil\/legumes-et-fruits-frais\/#primaryimage\",\"inLanguage\":\"fr-FR\",\"url\":\"https:\/\/lepanierdeleontine.fr\/accueil\/wp-content\/uploads\/2018\/10\/IMG_20180906_120155.jpg\",\"contentUrl\":\"https:\/\/lepanierdeleontine.fr\/accueil\/wp-content\/uploads\/2018\/10\/IMG_20180906_120155.jpg\",\"width\":500,\"height\":375},{\"@type\":\"WebPage\",\"@id\":\"https:\/\/lepanierdeleontine.fr\/accueil\/legumes-et-fruits-frais\/#webpage\",\"url\":\"https:\/\/lepanierdeleontine.fr\/accueil\/legumes-et-fruits-frais\/\",\"name\":\"Produits locaux - Le panier de L\u00e9ontine \u00e9picerie solidaire\",\"isPartOf\":{\"@id\":\"https:\/\/lepanierdeleontine.fr\/accueil\/#website\"},\"primaryImageOfPage\":{\"@id\":\"https:\/\/lepanierdeleontine.fr\/accueil\/legumes-et-fruits-frais\/#primaryimage\"},\"datePublished\":\"2017-01-05T12:46:06+00:00\",\"dateModified\":\"2024-09-28T14:14:51+00:00\",\"description\":\"Produits locaux - Le panier de L\u00e9ontine \u00e9picerie solidaire\",\"breadcrumb\":{\"@id\":\"https:\/\/lepanierdeleontine.fr\/accueil\/legumes-et-fruits-frais\/#breadcrumb\"},\"inLanguage\":\"fr-FR\",\"potentialAction\":[{\"@type\":\"ReadAction\",\"target\":[\"https:\/\/lepanierdeleontine.fr\/accueil\/legumes-et-fruits-frais\/\"]}]},{\"@type\":\"BreadcrumbList\",\"@id\":\"https:\/\/lepanierdeleontine.fr\/accueil\/legumes-et-fruits-frais\/#breadcrumb\",\"itemListElement\":[{\"@type\":\"ListItem\",\"position\":1,\"name\":\"Accueil\",\"item\":\"https:\/\/lepanierdeleontine.fr\/accueil\/\"},{\"@type\":\"ListItem\",\"position\":2,\"name\":\"Produits locaux\"}]}]}<\/script>\n<!-- \/ Yoast SEO plugin. -->","yoast_head_json":{"title":"Produits locaux - Le panier de L\u00e9ontine \u00e9picerie solidaire","description":"Produits locaux - Le panier de L\u00e9ontine \u00e9picerie solidaire","robots":{"index":"index","follow":"follow","max-snippet":"max-snippet:-1","max-image-preview":"max-image-preview:large","max-video-preview":"max-video-preview:-1"},"canonical":"https:\/\/lepanierdeleontine.fr\/accueil\/legumes-et-fruits-frais\/","og_locale":"fr_FR","og_type":"article","og_title":"Produits locaux - Le panier de L\u00e9ontine \u00e9picerie solidaire","og_description":"Produits locaux - Le panier de L\u00e9ontine \u00e9picerie solidaire","og_url":"https:\/\/lepanierdeleontine.fr\/accueil\/legumes-et-fruits-frais\/","og_site_name":"Le panier de L\u00e9ontine \u00e9picerie solidaire","article_modified_time":"2024-09-28T14:14:51+00:00","og_image":[{"url":"https:\/\/lepanierdeleontine.fr\/accueil\/wp-content\/uploads\/2018\/10\/IMG_20180906_120155.jpg"}],"twitter_card":"summary","twitter_misc":{"Dur\u00e9e de lecture estim\u00e9e":"2 minutes"},"schema":{"@context":"https:\/\/schema.org","@graph":[{"@type":"WebSite","@id":"https:\/\/lepanierdeleontine.fr\/accueil\/#website","url":"https:\/\/lepanierdeleontine.fr\/accueil\/","name":"Le panier de L\u00e9ontine \u00e9picerie solidaire","description":"Epicerie sociale &amp; solidaire","potentialAction":[{"@type":"SearchAction","target":{"@type":"EntryPoint","urlTemplate":"https:\/\/lepanierdeleontine.fr\/accueil\/?s={search_term_string}"},"query-input":"required name=search_term_string"}],"inLanguage":"fr-FR"},{"@type":"ImageObject","@id":"https:\/\/lepanierdeleontine.fr\/accueil\/legumes-et-fruits-frais\/#primaryimage","inLanguage":"fr-FR","url":"https:\/\/lepanierdeleontine.fr\/accueil\/wp-content\/uploads\/2018\/10\/IMG_20180906_120155.jpg","contentUrl":"https:\/\/lepanierdeleontine.fr\/accueil\/wp-content\/uploads\/2018\/10\/IMG_20180906_120155.jpg","width":500,"height":375},{"@type":"WebPage","@id":"https:\/\/lepanierdeleontine.fr\/accueil\/legumes-et-fruits-frais\/#webpage","url":"https:\/\/lepanierdeleontine.fr\/accueil\/legumes-et-fruits-frais\/","name":"Produits locaux - Le panier de L\u00e9ontine \u00e9picerie solidaire","isPartOf":{"@id":"https:\/\/lepanierdeleontine.fr\/accueil\/#website"},"primaryImageOfPage":{"@id":"https:\/\/lepanierdeleontine.fr\/accueil\/legumes-et-fruits-frais\/#primaryimage"},"datePublished":"2017-01-05T12:46:06+00:00","dateModified":"2024-09-28T14:14:51+00:00","description":"Produits locaux - Le panier de L\u00e9ontine \u00e9picerie solidaire","breadcrumb":{"@id":"https:\/\/lepanierdeleontine.fr\/accueil\/legumes-et-fruits-frais\/#breadcrumb"},"inLanguage":"fr-FR","potentialAction":[{"@type":"ReadAction","target":["https:\/\/lepanierdeleontine.fr\/accueil\/legumes-et-fruits-frais\/"]}]},{"@type":"BreadcrumbList","@id":"https:\/\/lepanierdeleontine.fr\/accueil\/legumes-et-fruits-frais\/#breadcrumb","itemListElement":[{"@type":"ListItem","position":1,"name":"Accueil","item":"https:\/\/lepanierdeleontine.fr\/accueil\/"},{"@type":"ListItem","position":2,"name":"Produits locaux"}]}]}},"_links":{"self":[{"href":"https:\/\/lepanierdeleontine.fr\/accueil\/wp-json\/wp\/v2\/pages\/341","targetHints":{"allow":["GET"]}}],"collection":[{"href":"https:\/\/lepanierdeleontine.fr\/accueil\/wp-json\/wp\/v2\/pages"}],"about":[{"href":"https:\/\/lepanierdeleontine.fr\/accueil\/wp-json\/wp\/v2\/types\/page"}],"author":[{"embeddable":true,"href":"https:\/\/lepanierdeleontine.fr\/accueil\/wp-json\/wp\/v2\/users\/1"}],"replies":[{"embeddable":true,"href":"https:\/\/lepanierdeleontine.fr\/accueil\/wp-json\/wp\/v2\/comments?post=341"}],"version-history":[{"count":4,"href":"https:\/\/lepanierdeleontine.fr\/accueil\/wp-json\/wp\/v2\/pages\/341\/revisions"}],"predecessor-version":[{"id":3181,"href":"https:\/\/lepanierdeleontine.fr\/accueil\/wp-json\/wp\/v2\/pages\/341\/revisions\/3181"}],"wp:attachment":[{"href":"https:\/\/lepanierdeleontine.fr\/accueil\/wp-json\/wp\/v2\/media?parent=341"}],"curies":[{"name":"wp","href":"https:\/\/api.w.org\/{rel}","templated":true}]}}