{"id":379,"date":"2025-10-22T15:10:11","date_gmt":"2025-10-22T15:10:11","guid":{"rendered":"http:\/\/lepanierdeleontine.fr\/accueil\/?page_id=379"},"modified":"2026-04-16T08:46:24","modified_gmt":"2026-04-16T08:46:24","slug":"passer-une-commande","status":"publish","type":"page","link":"https:\/\/lepanierdeleontine.fr\/accueil\/passer-une-commande\/","title":{"rendered":"Passer une commande"},"content":{"rendered":"Vous devez \u00eatre connect\u00e9 pour voir ce contenu.","protected":false},"excerpt":{"rendered":"Vous devez \u00eatre connect\u00e9 pour voir ce contenu.","protected":false},"author":1,"featured_media":0,"parent":0,"menu_order":0,"comment_status":"closed","ping_status":"closed","template":"","meta":{"footnotes":""},"class_list":["post-379","page","type-page","status-publish","hentry"],"yoast_head":"<!-- This site is optimized with the Yoast SEO plugin v18.6 - https:\/\/yoast.com\/wordpress\/plugins\/seo\/ -->\n<title>Passer une commande - Le panier de L\u00e9ontine \u00e9picerie solidaire<\/title>\n<meta name=\"description\" content=\"Passer une commande - Le panier de L\u00e9ontine \u00e9picerie solidaire\" \/>\n<meta name=\"robots\" content=\"index, follow, max-snippet:-1, max-image-preview:large, max-video-preview:-1\" \/>\n<link rel=\"canonical\" href=\"https:\/\/lepanierdeleontine.fr\/accueil\/passer-une-commande\/\" \/>\n<meta property=\"og:locale\" content=\"fr_FR\" \/>\n<meta property=\"og:type\" content=\"article\" \/>\n<meta property=\"og:title\" content=\"Passer une commande - Le panier de L\u00e9ontine \u00e9picerie solidaire\" \/>\n<meta property=\"og:description\" content=\"Passer une commande - Le panier de L\u00e9ontine \u00e9picerie solidaire\" \/>\n<meta property=\"og:url\" content=\"https:\/\/lepanierdeleontine.fr\/accueil\/passer-une-commande\/\" \/>\n<meta property=\"og:site_name\" content=\"Le panier de L\u00e9ontine \u00e9picerie solidaire\" \/>\n<meta property=\"article:modified_time\" content=\"2026-04-16T08:46:24+00:00\" \/>\n<meta name=\"twitter:card\" content=\"summary\" \/>\n<meta name=\"twitter:label1\" content=\"Dur\u00e9e de lecture estim\u00e9e\" \/>\n\t<meta name=\"twitter:data1\" content=\"1 minute\" \/>\n<script type=\"application\/ld+json\" class=\"yoast-schema-graph\">{\"@context\":\"https:\/\/schema.org\",\"@graph\":[{\"@type\":\"WebSite\",\"@id\":\"https:\/\/lepanierdeleontine.fr\/accueil\/#website\",\"url\":\"https:\/\/lepanierdeleontine.fr\/accueil\/\",\"name\":\"Le panier de L\u00e9ontine \u00e9picerie solidaire\",\"description\":\"Epicerie sociale &amp; solidaire\",\"potentialAction\":[{\"@type\":\"SearchAction\",\"target\":{\"@type\":\"EntryPoint\",\"urlTemplate\":\"https:\/\/lepanierdeleontine.fr\/accueil\/?s={search_term_string}\"},\"query-input\":\"required name=search_term_string\"}],\"inLanguage\":\"fr-FR\"},{\"@type\":\"WebPage\",\"@id\":\"https:\/\/lepanierdeleontine.fr\/accueil\/passer-une-commande\/#webpage\",\"url\":\"https:\/\/lepanierdeleontine.fr\/accueil\/passer-une-commande\/\",\"name\":\"Passer une commande - Le panier de L\u00e9ontine \u00e9picerie solidaire\",\"isPartOf\":{\"@id\":\"https:\/\/lepanierdeleontine.fr\/accueil\/#website\"},\"datePublished\":\"2025-10-22T15:10:11+00:00\",\"dateModified\":\"2026-04-16T08:46:24+00:00\",\"description\":\"Passer une commande - Le panier de L\u00e9ontine \u00e9picerie solidaire\",\"breadcrumb\":{\"@id\":\"https:\/\/lepanierdeleontine.fr\/accueil\/passer-une-commande\/#breadcrumb\"},\"inLanguage\":\"fr-FR\",\"potentialAction\":[{\"@type\":\"ReadAction\",\"target\":[\"https:\/\/lepanierdeleontine.fr\/accueil\/passer-une-commande\/\"]}]},{\"@type\":\"BreadcrumbList\",\"@id\":\"https:\/\/lepanierdeleontine.fr\/accueil\/passer-une-commande\/#breadcrumb\",\"itemListElement\":[{\"@type\":\"ListItem\",\"position\":1,\"name\":\"Accueil\",\"item\":\"https:\/\/lepanierdeleontine.fr\/accueil\/\"},{\"@type\":\"ListItem\",\"position\":2,\"name\":\"Passer une commande\"}]}]}<\/script>\n<!-- \/ Yoast SEO plugin. -->","yoast_head_json":{"title":"Passer une commande - Le panier de L\u00e9ontine \u00e9picerie solidaire","description":"Passer une commande - Le panier de L\u00e9ontine \u00e9picerie solidaire","robots":{"index":"index","follow":"follow","max-snippet":"max-snippet:-1","max-image-preview":"max-image-preview:large","max-video-preview":"max-video-preview:-1"},"canonical":"https:\/\/lepanierdeleontine.fr\/accueil\/passer-une-commande\/","og_locale":"fr_FR","og_type":"article","og_title":"Passer une commande - Le panier de L\u00e9ontine \u00e9picerie solidaire","og_description":"Passer une commande - Le panier de L\u00e9ontine \u00e9picerie solidaire","og_url":"https:\/\/lepanierdeleontine.fr\/accueil\/passer-une-commande\/","og_site_name":"Le panier de L\u00e9ontine \u00e9picerie solidaire","article_modified_time":"2026-04-16T08:46:24+00:00","twitter_card":"summary","twitter_misc":{"Dur\u00e9e de lecture estim\u00e9e":"1 minute"},"schema":{"@context":"https:\/\/schema.org","@graph":[{"@type":"WebSite","@id":"https:\/\/lepanierdeleontine.fr\/accueil\/#website","url":"https:\/\/lepanierdeleontine.fr\/accueil\/","name":"Le panier de L\u00e9ontine \u00e9picerie solidaire","description":"Epicerie sociale &amp; solidaire","potentialAction":[{"@type":"SearchAction","target":{"@type":"EntryPoint","urlTemplate":"https:\/\/lepanierdeleontine.fr\/accueil\/?s={search_term_string}"},"query-input":"required name=search_term_string"}],"inLanguage":"fr-FR"},{"@type":"WebPage","@id":"https:\/\/lepanierdeleontine.fr\/accueil\/passer-une-commande\/#webpage","url":"https:\/\/lepanierdeleontine.fr\/accueil\/passer-une-commande\/","name":"Passer une commande - Le panier de L\u00e9ontine \u00e9picerie solidaire","isPartOf":{"@id":"https:\/\/lepanierdeleontine.fr\/accueil\/#website"},"datePublished":"2025-10-22T15:10:11+00:00","dateModified":"2026-04-16T08:46:24+00:00","description":"Passer une commande - Le panier de L\u00e9ontine \u00e9picerie solidaire","breadcrumb":{"@id":"https:\/\/lepanierdeleontine.fr\/accueil\/passer-une-commande\/#breadcrumb"},"inLanguage":"fr-FR","potentialAction":[{"@type":"ReadAction","target":["https:\/\/lepanierdeleontine.fr\/accueil\/passer-une-commande\/"]}]},{"@type":"BreadcrumbList","@id":"https:\/\/lepanierdeleontine.fr\/accueil\/passer-une-commande\/#breadcrumb","itemListElement":[{"@type":"ListItem","position":1,"name":"Accueil","item":"https:\/\/lepanierdeleontine.fr\/accueil\/"},{"@type":"ListItem","position":2,"name":"Passer une commande"}]}]}},"_links":{"self":[{"href":"https:\/\/lepanierdeleontine.fr\/accueil\/wp-json\/wp\/v2\/pages\/379","targetHints":{"allow":["GET"]}}],"collection":[{"href":"https:\/\/lepanierdeleontine.fr\/accueil\/wp-json\/wp\/v2\/pages"}],"about":[{"href":"https:\/\/lepanierdeleontine.fr\/accueil\/wp-json\/wp\/v2\/types\/page"}],"author":[{"embeddable":true,"href":"https:\/\/lepanierdeleontine.fr\/accueil\/wp-json\/wp\/v2\/users\/1"}],"replies":[{"embeddable":true,"href":"https:\/\/lepanierdeleontine.fr\/accueil\/wp-json\/wp\/v2\/comments?post=379"}],"version-history":[{"count":5,"href":"https:\/\/lepanierdeleontine.fr\/accueil\/wp-json\/wp\/v2\/pages\/379\/revisions"}],"predecessor-version":[{"id":3552,"href":"https:\/\/lepanierdeleontine.fr\/accueil\/wp-json\/wp\/v2\/pages\/379\/revisions\/3552"}],"wp:attachment":[{"href":"https:\/\/lepanierdeleontine.fr\/accueil\/wp-json\/wp\/v2\/media?parent=379"}],"curies":[{"name":"wp","href":"https:\/\/api.w.org\/{rel}","templated":true}]}}