{"id":54,"date":"2008-09-17T16:53:25","date_gmt":"2008-09-17T21:53:25","guid":{"rendered":"http:\/\/dev.wpcoder.com\/dan\/wordpress\/?page_id=2"},"modified":"2025-01-30T16:58:31","modified_gmt":"2025-01-30T16:58:31","slug":"accueil","status":"publish","type":"page","link":"https:\/\/lepanierdeleontine.fr\/accueil\/","title":{"rendered":"Accueil"},"content":{"rendered":"\r\n<p><span style=\"color: #67ac2d;\"><strong>Le Panier de L\u00e9ontine, association loi 1901<\/strong><\/span>, est une \u00e9picerie sociale et solidaire engag\u00e9e dans une <span style=\"color: #67ac2d;\"><strong>d\u00e9marche de d\u00e9veloppement durable <\/strong><\/span>d\u2019un point de vue social, \u00e9conomique et environnemental.<br \/><a href=\"https:\/\/lepanierdeleontine.fr\/accueil\/wp-content\/uploads\/2019\/09\/Statuts-modifi\u00e9s-2019.pdf\">Statuts modifi\u00e9s 2019<\/a><a href=\"https:\/\/lepanierdeleontine.fr\/accueil\/wp-content\/uploads\/2019\/09\/Statuts-modifi\u00e9s-2019.pdfhttp:\/\/lepanierdeleontine.fr\/accueil\/wp-content\/uploads\/2017\/04\/statuts.pdf\" target=\"_blank\" rel=\"noopener noreferrer\"><img loading=\"lazy\" decoding=\"async\" class=\"alignleft wp-image-914 size-full\" src=\"https:\/\/lepanierdeleontine.fr\/accueil\/wp-content\/uploads\/2017\/04\/Adobe_PDF_file_icon_32x32.png\" alt=\"\" width=\"32\" height=\"32\" srcset=\"https:\/\/lepanierdeleontine.fr\/accueil\/wp-content\/uploads\/2017\/04\/Adobe_PDF_file_icon_32x32.png 32w, https:\/\/lepanierdeleontine.fr\/accueil\/wp-content\/uploads\/2017\/04\/Adobe_PDF_file_icon_32x32-1x1.png 1w\" sizes=\"auto, (max-width: 32px) 100vw, 32px\" \/><\/a><\/p>\r\n<p><strong><span style=\"color: #67ac2d;\">Solidarit\u00e9 \u00e9conomique:<\/span><\/strong> <strong><span style=\"color: #67ac2d;\">Une double tarification<\/span> <\/strong>est mise en place et permet des prix adapt\u00e9s aux revenus des adh\u00e9rents. Les adh\u00e9rents b\u00e9n\u00e9ficiaires, en situation de pr\u00e9carit\u00e9, ont acc\u00e8s \u00e0 des produits de qualit\u00e9, locaux, \u00e0 moindre co\u00fbt: r\u00e9ductions allant de\u00a0 <span style=\"color: #67ac2d;\"><strong>25% \u00e0 80%<\/strong><\/span> du prix moyen du march\u00e9. Par leur acte d\u2019achat, les adh\u00e9rents solidaires participent au fonctionnement de l&rsquo;\u00e9picerie cr\u00e9ant une part d\u2019autofinancemen<small>t.<br \/><\/small><small><\/small><span style=\"color: #67ac2d;\"><strong>Mixit\u00e9 sociale:<\/strong><\/span> C\u2019est une \u00e9picerie mais c\u2019est aussi <span style=\"color: #67ac2d;\"><strong>un lieu o\u00f9 les \u00e9changes<\/strong> <\/span>sont favoris\u00e9s, la connaissance mutuelle encourag\u00e9e. Diff\u00e9rents publics se c\u00f4toient sans stigmatisation dans une ambiance chaleureuse et conviviale. L\u2019\u00e9picerie propose des <strong><span style=\"color: #67ac2d;\">produits de qualit\u00e9 \u00e0 tous ses adh\u00e9rents <\/span><\/strong>et met en place des animations sur des th\u00e9matiques <strong><span style=\"color: #67ac2d;\">sant\u00e9<\/span><\/strong>.<br \/><span style=\"color: #67ac2d;\"><strong>Eco-citoyennet\u00e9:<\/strong><\/span> L\u2019approvisionnement se fait pour une partie aupr\u00e8s de <span style=\"color: #67ac2d;\"><strong>producteurs locaux<\/strong> <\/span>par des circuits directs. Un partenariat avec la Biocoop permet de proposer \u00e0 la vente des <span style=\"color: #67ac2d;\"><strong>produits bio et \u00e9quitables<\/strong><\/span>. Un rayon de <span style=\"color: #67ac2d;\"><strong>produits en vrac<\/strong> <\/span>sensibilise \u00e0 la r\u00e9duction des emballages. Des informations et des animations aupr\u00e8s de tous les adh\u00e9rents d\u00e9veloppent les gestes qui permettent de r\u00e9duire les atteintes \u00e0 l\u2019environnement.<br \/><span style=\"color: #67ac2d;\"><strong data-rich-text-format-boundary=\"true\">Le Panier de L\u00e9ontine<\/strong><\/span> c\u2019est 2 \u00e9piceries, \u00e0 Bourgoin et Villefontaine, avec 2 \u00e9quipes de b\u00e9n\u00e9voles. Plusieurs financeurs r\u00e9guliers permettent la r\u00e9alisation de cette action : le Secours Catholique, les CCAS de Bourgoin-Jallieu et Villefontaine, les villes de Bourgoin-Jallieu et Villefontaine, le d\u00e9partement.<\/p>\r\n\r\n<p>&nbsp;<\/p>\r\n","protected":false},"excerpt":{"rendered":"<p>Le Panier de L\u00e9ontine, association loi 1901, est une \u00e9picerie sociale et solidaire engag\u00e9e dans une d\u00e9marche de d\u00e9veloppement durable d\u2019un point de vue social, \u00e9conomique et environnemental.Statuts modifi\u00e9s 2019 Solidarit\u00e9 \u00e9conomique: Une double tarification est mise en place et permet des prix adapt\u00e9s aux revenus des adh\u00e9rents. Les adh\u00e9rents b\u00e9n\u00e9ficiaires, en situation de pr\u00e9carit\u00e9,&#8230;<\/p>\n","protected":false},"author":1,"featured_media":0,"parent":0,"menu_order":0,"comment_status":"closed","ping_status":"closed","template":"","meta":{"footnotes":""},"class_list":["post-54","page","type-page","status-publish","hentry"],"yoast_head":"<!-- This site is optimized with the Yoast SEO plugin v18.6 - https:\/\/yoast.com\/wordpress\/plugins\/seo\/ -->\n<title>Accueil - Le panier de L\u00e9ontine \u00e9picerie solidaire<\/title>\n<meta name=\"description\" content=\"Epicerie sociale et solidaire engag\u00e9e dans une d\u00e9marche de d\u00e9veloppement durable d\u2019un point de vue social, \u00e9conomique et environnemental.\" \/>\n<meta name=\"robots\" content=\"index, follow, max-snippet:-1, max-image-preview:large, max-video-preview:-1\" \/>\n<link rel=\"canonical\" href=\"https:\/\/lepanierdeleontine.fr\/accueil\/\" \/>\n<meta property=\"og:locale\" content=\"fr_FR\" \/>\n<meta property=\"og:type\" content=\"article\" \/>\n<meta property=\"og:title\" content=\"Accueil - Le panier de L\u00e9ontine \u00e9picerie solidaire\" \/>\n<meta property=\"og:description\" content=\"Epicerie sociale et solidaire engag\u00e9e dans une d\u00e9marche de d\u00e9veloppement durable d\u2019un point de vue social, \u00e9conomique et environnemental.\" \/>\n<meta property=\"og:url\" content=\"https:\/\/lepanierdeleontine.fr\/accueil\/\" \/>\n<meta property=\"og:site_name\" content=\"Le panier de L\u00e9ontine \u00e9picerie solidaire\" \/>\n<meta property=\"article:modified_time\" content=\"2025-01-30T16:58:31+00:00\" \/>\n<meta property=\"og:image\" content=\"https:\/\/lepanierdeleontine.fr\/accueil\/wp-content\/uploads\/2017\/04\/Adobe_PDF_file_icon_32x32.png\" \/>\n<meta name=\"twitter:card\" content=\"summary\" \/>\n<meta name=\"twitter:label1\" content=\"Dur\u00e9e de lecture estim\u00e9e\" \/>\n\t<meta name=\"twitter:data1\" content=\"2 minutes\" \/>\n<script type=\"application\/ld+json\" class=\"yoast-schema-graph\">{\"@context\":\"https:\/\/schema.org\",\"@graph\":[{\"@type\":\"WebSite\",\"@id\":\"https:\/\/lepanierdeleontine.fr\/accueil\/#website\",\"url\":\"https:\/\/lepanierdeleontine.fr\/accueil\/\",\"name\":\"Le panier de L\u00e9ontine \u00e9picerie solidaire\",\"description\":\"Epicerie sociale &amp; solidaire\",\"potentialAction\":[{\"@type\":\"SearchAction\",\"target\":{\"@type\":\"EntryPoint\",\"urlTemplate\":\"https:\/\/lepanierdeleontine.fr\/accueil\/?s={search_term_string}\"},\"query-input\":\"required name=search_term_string\"}],\"inLanguage\":\"fr-FR\"},{\"@type\":\"ImageObject\",\"@id\":\"https:\/\/lepanierdeleontine.fr\/accueil\/#primaryimage\",\"inLanguage\":\"fr-FR\",\"url\":\"https:\/\/lepanierdeleontine.fr\/accueil\/wp-content\/uploads\/2017\/04\/Adobe_PDF_file_icon_32x32.png\",\"contentUrl\":\"https:\/\/lepanierdeleontine.fr\/accueil\/wp-content\/uploads\/2017\/04\/Adobe_PDF_file_icon_32x32.png\",\"width\":32,\"height\":32},{\"@type\":\"WebPage\",\"@id\":\"https:\/\/lepanierdeleontine.fr\/accueil\/#webpage\",\"url\":\"https:\/\/lepanierdeleontine.fr\/accueil\/\",\"name\":\"Accueil - Le panier de L\u00e9ontine \u00e9picerie solidaire\",\"isPartOf\":{\"@id\":\"https:\/\/lepanierdeleontine.fr\/accueil\/#website\"},\"primaryImageOfPage\":{\"@id\":\"https:\/\/lepanierdeleontine.fr\/accueil\/#primaryimage\"},\"datePublished\":\"2008-09-17T21:53:25+00:00\",\"dateModified\":\"2025-01-30T16:58:31+00:00\",\"description\":\"Epicerie sociale et solidaire engag\u00e9e dans une d\u00e9marche de d\u00e9veloppement durable d\u2019un point de vue social, \u00e9conomique et environnemental.\",\"breadcrumb\":{\"@id\":\"https:\/\/lepanierdeleontine.fr\/accueil\/#breadcrumb\"},\"inLanguage\":\"fr-FR\",\"potentialAction\":[{\"@type\":\"ReadAction\",\"target\":[\"https:\/\/lepanierdeleontine.fr\/accueil\/\"]}]},{\"@type\":\"BreadcrumbList\",\"@id\":\"https:\/\/lepanierdeleontine.fr\/accueil\/#breadcrumb\",\"itemListElement\":[{\"@type\":\"ListItem\",\"position\":1,\"name\":\"Accueil\",\"item\":\"https:\/\/lepanierdeleontine.fr\/accueil\/\"},{\"@type\":\"ListItem\",\"position\":2,\"name\":\"Accueil\"}]}]}<\/script>\n<!-- \/ Yoast SEO plugin. -->","yoast_head_json":{"title":"Accueil - Le panier de L\u00e9ontine \u00e9picerie solidaire","description":"Epicerie sociale et solidaire engag\u00e9e dans une d\u00e9marche de d\u00e9veloppement durable d\u2019un point de vue social, \u00e9conomique et environnemental.","robots":{"index":"index","follow":"follow","max-snippet":"max-snippet:-1","max-image-preview":"max-image-preview:large","max-video-preview":"max-video-preview:-1"},"canonical":"https:\/\/lepanierdeleontine.fr\/accueil\/","og_locale":"fr_FR","og_type":"article","og_title":"Accueil - Le panier de L\u00e9ontine \u00e9picerie solidaire","og_description":"Epicerie sociale et solidaire engag\u00e9e dans une d\u00e9marche de d\u00e9veloppement durable d\u2019un point de vue social, \u00e9conomique et environnemental.","og_url":"https:\/\/lepanierdeleontine.fr\/accueil\/","og_site_name":"Le panier de L\u00e9ontine \u00e9picerie solidaire","article_modified_time":"2025-01-30T16:58:31+00:00","og_image":[{"url":"https:\/\/lepanierdeleontine.fr\/accueil\/wp-content\/uploads\/2017\/04\/Adobe_PDF_file_icon_32x32.png"}],"twitter_card":"summary","twitter_misc":{"Dur\u00e9e de lecture estim\u00e9e":"2 minutes"},"schema":{"@context":"https:\/\/schema.org","@graph":[{"@type":"WebSite","@id":"https:\/\/lepanierdeleontine.fr\/accueil\/#website","url":"https:\/\/lepanierdeleontine.fr\/accueil\/","name":"Le panier de L\u00e9ontine \u00e9picerie solidaire","description":"Epicerie sociale &amp; solidaire","potentialAction":[{"@type":"SearchAction","target":{"@type":"EntryPoint","urlTemplate":"https:\/\/lepanierdeleontine.fr\/accueil\/?s={search_term_string}"},"query-input":"required name=search_term_string"}],"inLanguage":"fr-FR"},{"@type":"ImageObject","@id":"https:\/\/lepanierdeleontine.fr\/accueil\/#primaryimage","inLanguage":"fr-FR","url":"https:\/\/lepanierdeleontine.fr\/accueil\/wp-content\/uploads\/2017\/04\/Adobe_PDF_file_icon_32x32.png","contentUrl":"https:\/\/lepanierdeleontine.fr\/accueil\/wp-content\/uploads\/2017\/04\/Adobe_PDF_file_icon_32x32.png","width":32,"height":32},{"@type":"WebPage","@id":"https:\/\/lepanierdeleontine.fr\/accueil\/#webpage","url":"https:\/\/lepanierdeleontine.fr\/accueil\/","name":"Accueil - Le panier de L\u00e9ontine \u00e9picerie solidaire","isPartOf":{"@id":"https:\/\/lepanierdeleontine.fr\/accueil\/#website"},"primaryImageOfPage":{"@id":"https:\/\/lepanierdeleontine.fr\/accueil\/#primaryimage"},"datePublished":"2008-09-17T21:53:25+00:00","dateModified":"2025-01-30T16:58:31+00:00","description":"Epicerie sociale et solidaire engag\u00e9e dans une d\u00e9marche de d\u00e9veloppement durable d\u2019un point de vue social, \u00e9conomique et environnemental.","breadcrumb":{"@id":"https:\/\/lepanierdeleontine.fr\/accueil\/#breadcrumb"},"inLanguage":"fr-FR","potentialAction":[{"@type":"ReadAction","target":["https:\/\/lepanierdeleontine.fr\/accueil\/"]}]},{"@type":"BreadcrumbList","@id":"https:\/\/lepanierdeleontine.fr\/accueil\/#breadcrumb","itemListElement":[{"@type":"ListItem","position":1,"name":"Accueil","item":"https:\/\/lepanierdeleontine.fr\/accueil\/"},{"@type":"ListItem","position":2,"name":"Accueil"}]}]}},"_links":{"self":[{"href":"https:\/\/lepanierdeleontine.fr\/accueil\/wp-json\/wp\/v2\/pages\/54","targetHints":{"allow":["GET"]}}],"collection":[{"href":"https:\/\/lepanierdeleontine.fr\/accueil\/wp-json\/wp\/v2\/pages"}],"about":[{"href":"https:\/\/lepanierdeleontine.fr\/accueil\/wp-json\/wp\/v2\/types\/page"}],"author":[{"embeddable":true,"href":"https:\/\/lepanierdeleontine.fr\/accueil\/wp-json\/wp\/v2\/users\/1"}],"replies":[{"embeddable":true,"href":"https:\/\/lepanierdeleontine.fr\/accueil\/wp-json\/wp\/v2\/comments?post=54"}],"version-history":[{"count":5,"href":"https:\/\/lepanierdeleontine.fr\/accueil\/wp-json\/wp\/v2\/pages\/54\/revisions"}],"predecessor-version":[{"id":3309,"href":"https:\/\/lepanierdeleontine.fr\/accueil\/wp-json\/wp\/v2\/pages\/54\/revisions\/3309"}],"wp:attachment":[{"href":"https:\/\/lepanierdeleontine.fr\/accueil\/wp-json\/wp\/v2\/media?parent=54"}],"curies":[{"name":"wp","href":"https:\/\/api.w.org\/{rel}","templated":true}]}}